{"id":279,"date":"2012-06-21T17:39:56","date_gmt":"2012-06-21T17:39:56","guid":{"rendered":"http:\/\/www.fflangenholzen.de\/de\/?page_id=279"},"modified":"2024-05-28T17:26:24","modified_gmt":"2024-05-28T16:26:24","slug":"unser-feuerwehrhaus","status":"publish","type":"page","link":"https:\/\/www.feuerwehr-langenholzen.de\/?page_id=279","title":{"rendered":"Unsere Feuerwehr"},"content":{"rendered":"<p>Die freiwillige Feuerwehr Langenholzen besteht zur Zeit aus 214 Mitgliedern. Davon 20 aktive Kameradinnen und Kameraden und 12 Kameraden in der Altersabteilung.<\/p>\n<p>Seit 2024 wird die Wehr von dem Ortsbrandmeister Anselm Fricke und seinem Stellvertreter Stefan Marhauer gef\u00fchrt.<\/p>\n<p>Das Kommando der Feuerwehr setzt sich folgenderma\u00dfen zusammen:<\/p>\n<ul>\n<li>Anselm Fricke (Ortsbrandmeister)<\/li>\n<li>Stefan Marhauer (stellv. Ortsbrandmeister)<\/li>\n<li>Anselm Fricke (Gruppenf\u00fchrer)<\/li>\n<li>Lars Funken (Ger\u00e4tewart)<\/li>\n<li>Johannes Fischer (Sicherheitsbeauftragter)<\/li>\n<li>Ralf Richter (Kassenf\u00fchrer)<\/li>\n<li>Andreas Rekel (Schriftf\u00fchrer)<\/li>\n<\/ul>\n<p>Als Beisitzer (nicht stimmberechtigte Mitglieder)&nbsp;im Kommando:<\/p>\n<ul>\n<li>Dieter Braukm\u00fcller (Leiter der Altersabteilung)<\/li>\n<li>Corbinian Piechatzek (Kleiderwart)<\/li>\n<li>n.n. (stellv. Gruppenf\u00fchrer)<\/li>\n<li>Markus Oetjens (Atemschutzbeauftragter)<\/li>\n<\/ul>\n<p>Als eine der 15 Ortsfeuerwehren der Stadt Alfeld (Leine) sind wir eine Ortsfeuerwehr mit Grundausstattung.<\/p>\n<p>Unser Feuerwehrfahrzeug ist ein TSF 8\/8. Ein Tragkraftspritzenfahrzeug mit einer eingeschobenen Tragkraftspritze (TS), 2 Atemschutzger\u00e4ten und einer Ausstattung f\u00fcr eine L\u00f6schgruppe.<\/p>\n<div id=\"attachment_329\" style=\"width: 525px\" class=\"wp-caption alignnone\"><a href=\"https:\/\/i0.wp.com\/www.feuerwehr-langenholzen.de\/wp-content\/uploads\/tsf.jpg\"><img aria-describedby=\"caption-attachment-329\" decoding=\"async\" loading=\"lazy\" class=\"size-full wp-image-329\" src=\"https:\/\/i0.wp.com\/www.feuerwehr-langenholzen.de\/wp-content\/uploads\/tsf.jpg?resize=515%2C333\" alt=\"\" width=\"515\" height=\"333\" srcset=\"https:\/\/i0.wp.com\/www.feuerwehr-langenholzen.de\/wp-content\/uploads\/tsf.jpg?w=515&amp;ssl=1 515w, https:\/\/i0.wp.com\/www.feuerwehr-langenholzen.de\/wp-content\/uploads\/tsf.jpg?resize=300%2C193&amp;ssl=1 300w\" sizes=\"(max-width: 515px) 100vw, 515px\" data-recalc-dims=\"1\" \/><\/a><p id=\"caption-attachment-329\" class=\"wp-caption-text\">TSF 8\/8 &#8211; Besatzung 1\/5 &#8211; Material f\u00fcr eine L\u00f6schgruppe<\/p><\/div>\n<p>Einen kleinen Schatz &#8222;aus alten Tagen&#8220; k\u00f6nnen wir noch in unserem Besitz sch\u00e4tzen. Ein TSA (Tragkraftspritzen-Anh\u00e4nger) mit einer TS aus dem Jahre 1952.<\/p>\n<div id=\"attachment_331\" style=\"width: 243px\" class=\"wp-caption alignnone\"><a href=\"https:\/\/i0.wp.com\/www.feuerwehr-langenholzen.de\/wp-content\/uploads\/tsa_01.jpg\"><img aria-describedby=\"caption-attachment-331\" decoding=\"async\" loading=\"lazy\" class=\"size-full wp-image-331\" src=\"https:\/\/i0.wp.com\/www.feuerwehr-langenholzen.de\/wp-content\/uploads\/tsa_01.jpg?resize=233%2C159\" alt=\"\" width=\"233\" height=\"159\"  data-recalc-dims=\"1\"><\/a><p id=\"caption-attachment-331\" class=\"wp-caption-text\">Tragkraftspritzenanh\u00e4nger mit TS 8\/8 Baujahr 1950<\/p><\/div>\n<div class=\"sharedaddy sd-sharing-enabled\"><div class=\"robots-nocontent sd-block sd-social sd-social-icon-text sd-sharing\"><h3 class=\"sd-title\">Teilen mit:<\/h3><div class=\"sd-content\"><ul><li class=\"share-facebook\"><a rel=\"nofollow noopener noreferrer\" data-shared=\"sharing-facebook-279\" class=\"share-facebook sd-button share-icon\" href=\"https:\/\/www.feuerwehr-langenholzen.de\/?page_id=279&amp;share=facebook\" target=\"_blank\" title=\"Klick, um auf Facebook zu teilen\" ><span>Facebook<\/span><\/a><\/li><li class=\"share-end\"><\/li><\/ul><\/div><\/div><\/div>","protected":false},"excerpt":{"rendered":"<p>Die freiwillige Feuerwehr Langenholzen besteht zur Zeit aus 214 Mitgliedern. Davon 20 aktive Kameradinnen und Kameraden und 12 Kameraden in der Altersabteilung. Seit 2024 wird die Wehr von dem Ortsbrandmeister Anselm Fricke und seinem Stellvertreter Stefan Marhauer gef\u00fchrt. Das Kommando der Feuerwehr setzt sich folgenderma\u00dfen zusammen: Anselm Fricke (Ortsbrandmeister) Stefan Marhauer (stellv. Ortsbrandmeister) Anselm Fricke [&hellip;]<\/p>\n<div class=\"sharedaddy sd-sharing-enabled\"><div class=\"robots-nocontent sd-block sd-social sd-social-icon-text sd-sharing\"><h3 class=\"sd-title\">Teilen mit:<\/h3><div class=\"sd-content\"><ul><li class=\"share-facebook\"><a rel=\"nofollow noopener noreferrer\" data-shared=\"sharing-facebook-279\" class=\"share-facebook sd-button share-icon\" href=\"https:\/\/www.feuerwehr-langenholzen.de\/?page_id=279&amp;share=facebook\" target=\"_blank\" title=\"Klick, um auf Facebook zu teilen\" ><span>Facebook<\/span><\/a><\/li><li class=\"share-end\"><\/li><\/ul><\/div><\/div><\/div>","protected":false},"author":1,"featured_media":0,"parent":0,"menu_order":1,"comment_status":"closed","ping_status":"closed","template":"","meta":{"ngg_post_thumbnail":0},"jetpack_sharing_enabled":true,"jetpack_shortlink":"https:\/\/wp.me\/P8kEhs-4v","_links":{"self":[{"href":"https:\/\/www.feuerwehr-langenholzen.de\/index.php?rest_route=\/wp\/v2\/pages\/279"}],"collection":[{"href":"https:\/\/www.feuerwehr-langenholzen.de\/index.php?rest_route=\/wp\/v2\/pages"}],"about":[{"href":"https:\/\/www.feuerwehr-langenholzen.de\/index.php?rest_route=\/wp\/v2\/types\/page"}],"author":[{"embeddable":true,"href":"https:\/\/www.feuerwehr-langenholzen.de\/index.php?rest_route=\/wp\/v2\/users\/1"}],"replies":[{"embeddable":true,"href":"https:\/\/www.feuerwehr-langenholzen.de\/index.php?rest_route=%2Fwp%2Fv2%2Fcomments&post=279"}],"version-history":[{"count":22,"href":"https:\/\/www.feuerwehr-langenholzen.de\/index.php?rest_route=\/wp\/v2\/pages\/279\/revisions"}],"predecessor-version":[{"id":1152,"href":"https:\/\/www.feuerwehr-langenholzen.de\/index.php?rest_route=\/wp\/v2\/pages\/279\/revisions\/1152"}],"wp:attachment":[{"href":"https:\/\/www.feuerwehr-langenholzen.de\/index.php?rest_route=%2Fwp%2Fv2%2Fmedia&parent=279"}],"curies":[{"name":"wp","href":"https:\/\/api.w.org\/{rel}","templated":true}]}}