{"id":294,"date":"2012-06-22T11:14:16","date_gmt":"2012-06-22T11:14:16","guid":{"rendered":"http:\/\/www.fflangenholzen.de\/de\/?page_id=294"},"modified":"2024-05-28T17:27:24","modified_gmt":"2024-05-28T16:27:24","slug":"die-geschichte-der-wehr","status":"publish","type":"page","link":"http:\/\/www.feuerwehr-langenholzen.de\/?page_id=294","title":{"rendered":"Die Geschichte der Wehr"},"content":{"rendered":"<h2>Die Freiwillige Feuerwehr Langenholzen<\/h2>\n<p>Gestern und heute . . .<\/p>\n<p>Eine geschichtliche Betrachtung<\/p>\n<p>Es ist 1.00 Uhr nachts. Ganz&nbsp; Langenholzen schl\u00e4ft. Jedermann wiegt sich in Sicherheit. Doch da ert\u00f6nt pl\u00f6tzlich ein lauter Ton. Dreimal hintereinander. Es brennt!<\/p>\n<p>Innerhalb k\u00fcrzester Zeit sind die M\u00e4nner der Freiwilligen Feuerwehr im Feuerwehrhaus und wenig sp\u00e4ter am Einsatzort.<\/p>\n<p>Heutzutage kein Problem.<\/p>\n<p>Nicht so am 13. Januar 1853. An diesem Tag brach in Langenholzen ein gro\u00dfes Feuer aus. Feuerwehrm\u00e4nner zur Bek\u00e4mpfung der Flammen gab es im Ort jedoch nicht. Technische Hilfsmittel zur Benachrichtigung anderer Wehren waren noch Wunschdenken. So war es f\u00fcr Langenholzen ein gro\u00dfes Gl\u00fcck, dass der Feuerschein in Hildesheim entdeckt wurde. Die dortige Feuerwehr machte sich auf den Weg in Richtung Alfeld, um Hilfe zu leisten. Bis die Hildesheimer Wehr mit ihrem Fuhrwerk jedoch am Brandort eintraf waren drei Stunden vergangen.<\/p>\n<p>Wertvolle Zeit, die in der heutigen, technisierten Welt nicht mehr verloren ginge. Der Feuerwehr und somit auch den Feuergesch\u00e4digten hat die Technisierung viele Vorteile verschafft. Nicht nur in zeitlicher Hinsicht, sondern vor allem was den Kraftaufwand des Einzelnen anbelangt.<\/p>\n<p>Vor der Erfindung der ersten Schlauchspritze im Jahre 1677 war ziemlich viel K\u00f6rperkraft n\u00f6tig, um einen Brand zu l\u00f6schen:<\/p>\n<p>Jeder Haushaltsvorstand musste den Besitz eines Feuereimers nachweisen. Wer heiraten wollte, musste beim zust\u00e4ndigen Pastor seinen Feuereimer vorzeigen. Im Brandfall wurden dann Ketten gebildet und die gef\u00fcllten Eimer von Hand zu Hand weitergereicht. Am Ende der Kette waren sie jedoch oft nur noch halb voll. Der Arbeitsaufwand zum L\u00f6schen eines Feuers war unvorstellbar gro\u00df.<\/p>\n<p>Der letzte Brand, der in Langenholzen auf diese Weise gel\u00f6scht werden musste, ereignete sich am 2. Februar 1881, als der Dachstuhl des Hahneschen Hauses abbrannte.<\/p>\n<p>Die Technisierung in diesem Bereich liegt in Langenholzen noch gar nicht so lange zur\u00fcck, denn erst 1952 wurde eine Motorspritze angeschafft. Die bis dahin im Gebrauch befindliche Handdruckspritze hat man 8 Jahre sp\u00e4ter verschrottet.<\/p>\n<p>Diese Entscheidung bedauert die Wehr heute jedoch, da so ein Relikt vergangener Zeiten f\u00fcr immer verloren gegangen ist.<\/p>\n<h2><strong>Am Anfang war das Feuer . . .<\/strong><\/h2>\n<p>Seit einer Stunde stehen alle Langenholzer M\u00e4nner \u00fcber 18 Jahre jetzt schon auf dem gro\u00dfen Platz.<\/p>\n<p>Eigentlich sollte ja das L\u00f6schen eines Feuers ge\u00fcbt werden. Und obwohl diese \u00dcbungen nur einmal im Jahr stattfanden, wurde dennoch so viel Zeit mit B\u00fcrokratie verschwendet. Denn bevor der Gemeindevorsteher nicht jeden einzelnen aufgerufen und auf seiner Liste abgehakt hatte, ging auf dem \u00dcbungsplatz nichts. So sah der Feuerwehralltag zur Zeit&nbsp; der Pflichtfeuerwehren aus.<\/p>\n<p>\u201eEin unhaltbarer Zustand!\u201c, so die Meinung des damaligen Brandmeisters Friedrich Kraus.<\/p>\n<p>Doch sein Vorschlag zur Gr\u00fcndung einer Freiwilligen Feuerwehr in Langenholzen wurde zun\u00e4chst vom B\u00fcrgermeister ignoriert. Erst eine offizielle Verf\u00fcgung Anfang Februar 1934, aus der hervorging, dass jede Gemeinde eine Freiwillige Feuerwehr zu gr\u00fcnden habe, lie\u00df den B\u00fcrgermeister handeln.<\/p>\n<h2>Jetzt aber schnell!!!<\/h2>\n<p>Denn man wollte im Kreis Alfeld doch schlie\u00dflich zu den ersten der Stunde z\u00e4hlen. So wurde am 5. Februar 1934, in einer vom B\u00fcrgermeister Karl Fischer angesetzten Versammlung, die Freiwillige Feuerwehr Langenholzen gegr\u00fcndet.<\/p>\n<p>Ein neues Kind in der gro\u00dfen Familie \u201eGemeinde Langenholzen\u201c war geboren!<\/p>\n<p>Doch 77 Freiwillige machen noch keine Freiwillige Feuerwehr. Vieles musste noch organisiert werden. Allem voran die Bekleidung und Ausstattung des einzelnen Feuerwehrmannes. Denn da nun h\u00e4ufiger ge\u00fcbt werden sollte, musste auch die Ausr\u00fcstung entsprechend sein.<\/p>\n<p>Diese Aufgabe \u00fcbernahm die Gemeinde sofort. Unterst\u00fctzung bekam sie dabei von einigen Brandkassen und den Langenholzer B\u00fcrgern Carl Behrens und August Wegener. F\u00fchrer der nun neu organisierten \u201eBrandbek\u00e4mpfungstruppe\u201c blieb Fritz Kraus.<\/p>\n<p>Die feuerwehr-technischen Ger\u00e4tschaften wurden von der Pflichtfeuerwehr \u00fcbernommen und im Laufe der Jahre ersetzt und verbessert.<\/p>\n<p>Zwar noch in den Kinderschuhen, jedoch keineswegs wackelig, gingen die neu verpflichteten Feuerwehrm\u00e4nner von nun an ihren Weg.<\/p>\n<p>Die Zeit bis zum Ausbruch des Zweiten Weltkrieges war gepr\u00e4gt von gr\u00f6\u00dftem Einsatz und&nbsp; der Freude am Zusammensein.<\/p>\n<p>Anfangs konnte auf Grund der jahreszeitlichen Begebenheiten nur im Saal ge\u00fcbt werden. Doch die ersten Sonnenstrahlen trieben die M\u00e4nner hinaus und so wurde fortan auf dem Spielplatz vor dem Dorf f\u00fcr den Ernstfall trainiert. Die Beteiligung an diesen \u00dcbungsabenden lag weit \u00fcber dem Durchschnitt heutiger Zeiten. Mitunter versammelten sich mehr als 50 Feuerwehrm\u00e4nner.<\/p>\n<p>Bei der Freiwilligen Feuerwehr Langenholzen wurde und wird noch heute der Geselligkeit eine gro\u00dfe Bedeutung beigemessen. Um diese in besonderem Ma\u00df zu pflegen,&nbsp; trafen sich die Mitglieder der Langenholzer Wehr ab Februar 1935 regelm\u00e4\u00dfig zu Kameradschaftsabenden. Auch hierbei war die Beteiligung enorm und die Stimmung sicher immer auf dem H\u00f6hepunkt.<\/p>\n<p>Leider nahm diese Freude mit Ausbruch des Krieges im Jahr 1939 vorerst ein j\u00e4hes Ende, denn 42 M\u00e4nner wurden zum Dienst f\u00fcr das Vaterland an die verschiedenen Kriegsfronten gesandt. Leider kamen sechs von ihnen nicht zur\u00fcck und weitere sechs gelten als vermisst.<\/p>\n<p>All diesen Kameraden wird die Freiwillige Feuerwehr Langenholzen stets ein ehrendes Andenken bewahren.<\/p>\n<p>Den Heimgekehrten stand nun nach Kriegsende die schwierige Aufgabe bevor, die Feuerwehr neu zu aktivieren und zu organisieren.<\/p>\n<h2><strong>Kein leichtes Unterfangen!<\/strong><\/h2>\n<p>Da war es wenig hilfreich, dass die Milit\u00e4rregierung der Besatzungsmacht 1948 per Verf\u00fcgung die Mannschaftsst\u00e4rke einer Freiwilligen Feuerwehr auf 18 Mann festgeschrieben hatte. Mit dieser zwangsweise reduzierten Zahl von Feuerwehraktiven musste Langenholzen vier Jahre auskommen. Eine weitgehende Lockerung der Besatzungsgesetze konnte erst 1952 erzielt werden.<\/p>\n<p>Dies war auch der Zeitpunkt, zu dem die Freiwillige Feuerwehr Langenholzen wieder optimistisch in die Zukunft blicken konnte. Die Gemeinde hatte zur besseren Ausr\u00fcstung der Wehr eine Motorspritze und einen Ger\u00e4tewagen angeschafft. Des Weiteren kaufte man Schlauchmaterial, Stahlhelme, Fangleinen und Traggurte. Dies erm\u00f6glichte den Aktiven die erfolgreiche Teilnahme an den Kreiswettk\u00e4mpfen.<\/p>\n<p>Die F\u00fchrung der Langenholzer Wehr pr\u00e4sentierte sich ab dem 16. Dezember 1952 in einem neuen Gesicht.<\/p>\n<p>Erstmals wurde auf einer Jahreshauptversammlung ein Vorstand gew\u00e4hlt. Diesem neu gebildeten F\u00fchrungsgremium&nbsp; geh\u00f6rten die Kameraden Karl Stucke jun. (Brandmeister), Karl Herrnkind jun. (stellv. Brandmeister), Albert Tiedge (Truppf\u00fchrer I), Wilhelm Nienstedt (Truppf\u00fchrer II), Heinrich Ohmes (Schriftf\u00fchrer) und Fritz Th\u00f6ne jun. (Kassierer) an.<\/p>\n<p>In der darauf folgenden Zeit r\u00fcckten die Aktiven zu manchem Einsatz aus. Am 5. Februar 1959 hatte die Freiwillige Feuerwehr Langenholzen einen Meilenstein in ihrer Geschichte erreicht.Die Mitglieder konnten auf ein Vierteljahrhundert Feuerwehrarbeit in ihrem Ort zur\u00fcckblicken.<\/p>\n<h2><strong>Wahrlich ein Grund zum Feiern!<\/strong><\/h2>\n<p>So lud man zu einer Jubil\u00e4umsfeier im kleinen Rahmen ein. Erfreulicherweise konnten 36 der Gr\u00fcndungsmitglieder an der Feierstunde teilnehmen.<\/p>\n<p>Anl\u00e4sslich des Bestehens wurde eine 16seitige Festschrift herausgegeben, die das Geschehen der ersten 25 Jahre in w\u00fcrdigender Weise widerspiegelte.<\/p>\n<div id=\"attachment_393\" style=\"width: 520px\" class=\"wp-caption alignnone\"><a href=\"https:\/\/i0.wp.com\/www.fflangenholzen.de\/de\/wp-content\/uploads\/fflangenholzen_1959.jpg\"><img aria-describedby=\"caption-attachment-393\" decoding=\"async\" loading=\"lazy\" class=\"size-full wp-image-393\" title=\"fflangenholzen_1959\" src=\"https:\/\/i0.wp.com\/www.fflangenholzen.de\/de\/wp-content\/uploads\/fflangenholzen_1959.jpg?resize=510%2C377\" alt=\"\" width=\"510\" height=\"377\" srcset=\"https:\/\/i0.wp.com\/www.feuerwehr-langenholzen.de\/wp-content\/uploads\/fflangenholzen_1959.jpg?w=510 510w, https:\/\/i0.wp.com\/www.feuerwehr-langenholzen.de\/wp-content\/uploads\/fflangenholzen_1959.jpg?resize=300%2C221 300w\" sizes=\"(max-width: 510px) 100vw, 510px\" data-recalc-dims=\"1\" \/><\/a><p id=\"caption-attachment-393\" class=\"wp-caption-text\"><strong>Die Wehr im Jahr 1959<\/strong><\/p><\/div>\n<p>Nach diesem gro\u00dfen Fest wandte man sich nun wieder dem Feuerwehralltag zu.<\/p>\n<p>Am 17. Oktober 1959 bekam jedes Mitglied ein Mitgliedsbuch, in dem die jeweilige Blutgruppe vermerkt war, ausgeh\u00e4ndigt.<\/p>\n<p>Die folgenden f\u00fcnf Jahre vergingen wie im Fluge. Und ehe man sich versah war die Freiwillige Feuerwehr Langenholzen 30 Jahre alt.<\/p>\n<p>Dieser Geburtstag wurde am 8. Februar 1964 in Form eines Vergn\u00fcgens gefeiert.<\/p>\n<p>Sehr zur Freude aller aktiven Feuerwehrm\u00e4nner wurde der Wehr an diesem Tag ein neues Tragkraftspritzenfahrzeug \u00fcbergeben. Damit war f\u00fcr die Freiwillige Feuerwehr ein neues Zeitalter der Brandbek\u00e4mpfung angebrochen, denn die Benutzung eines solchen Fahrzeuges r\u00e4umte den M\u00e4nnern im Einsatz Sonderrechte auf den Stra\u00dfen ein. Zu weiteren technischen Hilfsmitteln z\u00e4hlten zwei Funkger\u00e4te, die 1966 angeschafft wurden. Ein 10-Kanal-Funkger\u00e4t f\u00fcr das Fahrzeug und ein tragbares 4-Kanal-Funkger\u00e4t.<\/p>\n<p>L\u00e4ngst \u00fcber die Zeit der Feuereimer hinhausgewachsen, wurden die Ger\u00e4tschaften und die Ausr\u00fcstung der Feuerwehr immer umfangreicher. Das bisher genutzte Pumpenhaus am Gottesbrunnen wurde langsam aber sicher zu klein. Von 1967-1968 baute die Gemeinde am K\u00fchlberg das Gemeindezentrum, welches auch als Ger\u00e4tehaus f\u00fcr die Feuerwehr genutzt werden sollte. 1968 zog die Feuerwehr in ihr neues Zuhause ein. Hier war nun gen\u00fcgend Raum f\u00fcr die Fahrzeuge, die Ger\u00e4te und die Ausr\u00fcstungsgegendst\u00e4nde der Kameraden. Auch ein gro\u00dfer Schulungs- und Versammlungsraum war vorhanden, in dem in den ersten Jahren die neuen Kameraden ihre Grundausbildung absolvierten. Die \u00dcbergabe des neuen Ger\u00e4tehauses wurde gleich zum Anlass genommen, um das 35 j\u00e4hrige Bestehen der Feuerwehr mit einem Zeltfest zu feiern.<\/p>\n<div id=\"attachment_394\" style=\"width: 520px\" class=\"wp-caption alignnone\"><a href=\"https:\/\/i0.wp.com\/www.fflangenholzen.de\/de\/wp-content\/uploads\/fflangenholzen_1968.jpg\"><img aria-describedby=\"caption-attachment-394\" decoding=\"async\" loading=\"lazy\" class=\"size-full wp-image-394\" title=\"fflangenholzen_1968\" src=\"https:\/\/i0.wp.com\/www.fflangenholzen.de\/de\/wp-content\/uploads\/fflangenholzen_1968.jpg?resize=510%2C268\" alt=\"\" width=\"510\" height=\"268\" srcset=\"https:\/\/i0.wp.com\/www.feuerwehr-langenholzen.de\/wp-content\/uploads\/fflangenholzen_1968.jpg?w=510 510w, https:\/\/i0.wp.com\/www.feuerwehr-langenholzen.de\/wp-content\/uploads\/fflangenholzen_1968.jpg?resize=300%2C157 300w\" sizes=\"(max-width: 510px) 100vw, 510px\" data-recalc-dims=\"1\" \/><\/a><p id=\"caption-attachment-394\" class=\"wp-caption-text\">Die Wehr im Jahr 1968<\/p><\/div>\n<p><strong>Das Gr\u00fcndungskommando 1934<\/strong><\/p>\n<div id=\"attachment_395\" style=\"width: 520px\" class=\"wp-caption alignnone\"><a href=\"https:\/\/i0.wp.com\/www.fflangenholzen.de\/de\/wp-content\/uploads\/fflangenholzen_gruendungskommando.jpg\"><img aria-describedby=\"caption-attachment-395\" decoding=\"async\" loading=\"lazy\" class=\"size-full wp-image-395\" title=\"fflangenholzen_gruendungskommando\" src=\"https:\/\/i0.wp.com\/www.fflangenholzen.de\/de\/wp-content\/uploads\/fflangenholzen_gruendungskommando.jpg?resize=510%2C286\" alt=\"\" width=\"510\" height=\"286\" srcset=\"https:\/\/i0.wp.com\/www.feuerwehr-langenholzen.de\/wp-content\/uploads\/fflangenholzen_gruendungskommando.jpg?w=510 510w, https:\/\/i0.wp.com\/www.feuerwehr-langenholzen.de\/wp-content\/uploads\/fflangenholzen_gruendungskommando.jpg?resize=300%2C168 300w\" sizes=\"(max-width: 510px) 100vw, 510px\" data-recalc-dims=\"1\" \/><\/a><p id=\"caption-attachment-395\" class=\"wp-caption-text\">stehend v. L.: H. Schmidt, A. Wulfes sen., H. J\u00f6rg, W. Brinkmann, A. Herrnkind<br \/>sitzend v. L.: K. Brinkmann, K. Freitag, A. J\u00f6rdens, K. Herrnkind sen.<br \/>Verstorben: F. Kraus, H. Randau<\/p><\/div>\n<p>Unser alter Ford Transit hatte ausgedient und wurde am 18. September 1981 gegen ein neues Tragkraftspritzenfahrzeug der Marke VW LT-Aufbau getauscht. In diesem Zuge wurde auch unsere TS durch eine Neue ersetzt. Die alte Tragkraftspritze blieb aber gl\u00fccklicherweise mit dem Tragkraftspritzen-Anh\u00e4nger (TSA) in unserem Besitz. Das Fahrzeug war zu diesem Zeitpunkt auf dem neuesten Stand der Technik und bot nun Platz f\u00fcr eine komplette L\u00f6schstaffel und jeder Menge Schlauchmaterial und Ger\u00e4tschaften. Ebenfalls hatte das Fahrzeug 2 Atemschutzger\u00e4te als Beladung, die aber einige Jahre sp\u00e4ter durch Mangel an tauglichen Tr\u00e4gern abgegeben werden mussten.<\/p>\n<p>Im Jahre 1992 wurde die FF Langenholzen vom Landkreis Hildesheim dazu berufen, an der Kreisbereitschaft 5 teilzunehmen. Diese Organisation wurde nach den verheerenden Heidebr\u00e4nden `76 im Jahr 1978 ins Leben gerufen und dient zur \u00fcberregionalen Hilfeleistung bei Gro\u00dfschadenslagen. Zun\u00e4chst diente nur unser TSF mit einem Fahrer als Fahrzeug f\u00fcr den damaligen Zugf\u00fchrer. Aber schon ein Jahr sp\u00e4ter stellte Langenholzen eine komplette Einsatzgruppe und nimmt seitdem regelm\u00e4\u00dfig an den \u00dcbungsdiensten teil. Im August 2002 musste die FB 5 zum ersten Mal in Ihrer Geschichte zu einem Realeinsatz ausr\u00fccken. Grund daf\u00fcr war das Jahrhunderthochwasser der Elbe. Sechs Kameraden machten sich mit auf den Weg zu einem 3t\u00e4gigen Einsatz in der N\u00e4he von L\u00fcchow-Dannenberg; alle Kameraden wurden daf\u00fcr im Fr\u00fchjahr 2003 mit der Hochwassermedaille 2002 des Landes Niedersachsen ausgezeichnet.<\/p>\n<p>Das 60j\u00e4hrige Bestehen der Feuerwehr wurde 1994 mit einem Fest auf dem Saal gefeiert. Anl\u00e4sslich des Ereignisses wurde dieses Foto aufgenommen:<\/p>\n<p><a href=\"https:\/\/i0.wp.com\/www.fflangenholzen.de\/de\/wp-content\/uploads\/fflangenholzen_1994.jpg\"><img decoding=\"async\" loading=\"lazy\" class=\"alignnone size-large wp-image-396\" title=\"fflangenholzen_1994\" src=\"https:\/\/i0.wp.com\/www.fflangenholzen.de\/de\/wp-content\/uploads\/fflangenholzen_1994-1024x554.jpg?resize=565%2C305\" alt=\"\" width=\"565\" height=\"305\" srcset=\"https:\/\/i0.wp.com\/www.feuerwehr-langenholzen.de\/wp-content\/uploads\/fflangenholzen_1994.jpg?resize=1024%2C554 1024w, https:\/\/i0.wp.com\/www.feuerwehr-langenholzen.de\/wp-content\/uploads\/fflangenholzen_1994.jpg?resize=300%2C162 300w, https:\/\/i0.wp.com\/www.feuerwehr-langenholzen.de\/wp-content\/uploads\/fflangenholzen_1994.jpg?w=1130 1130w, https:\/\/i0.wp.com\/www.feuerwehr-langenholzen.de\/wp-content\/uploads\/fflangenholzen_1994.jpg?w=1695 1695w\" sizes=\"(max-width: 565px) 100vw, 565px\" data-recalc-dims=\"1\" \/><\/a><\/p>\n<p>Vier Jahre sp\u00e4ter, 1998, lie\u00df uns unsere TS nach 32 Jahren und nach zahlreichen Reparaturversuchen, endg\u00fcltig im Stich. In einer offiziellen Feierstunde am 29. Oktober 1998 im Ger\u00e4tehaus wurden dem Ortsbrandmeister Willi Bock und dem Ger\u00e4tewart Gerrit Steinkrau\u00df eine nagelneue TS 8\/8 der Marke Ziegler \u00fcberreicht. Von nun an war weniger \u201eManneskraft\u201c erforderlich, denn sie verf\u00fcgte \u00fcber eine elektrische Z\u00fcndanlage.<\/p>\n<p>Auf der Jahreshauptversammlung im Januar 1998 legte Fritz Th\u00f6ne sein Amt als Kassenwart nieder und wurde einstimmig auf dieser Versammlung zum Ehrenmitglied ernannt. Er hatte stolze 45 Jahre die Kasse der Freiwilligen Feuerwehr Langenholzen gef\u00fchrt. Nach seinen Angaben habe er damals die Kasse mit einem Bestand von 22,60 DM \u00fcbernommen und konnte sie mit einem Bestand von \u00fcber 5.000 DM an seinen Nachfolger \u00fcbergeben.<\/p>\n<p>Zu nennen ist auch eine starke Eigenarbeit der aktiven Gruppe im Winter 2000\/2001. Vielleicht kennen noch einige die katastrophale Akustik in unserem Schulungsraum, zumindest war auch einiges dar\u00fcber in den B\u00fcchern zu finden. Die Aktiven stellten einen Plan auf und es wurde ein Durchbruch von der Ger\u00e4tehalle zum Schulungsraum geschlagen. und die Decke mit D\u00e4mmplatten abgeh\u00e4ngt. Ebenso wurde der Raum durch eine Theke wohnlicher gestaltet.<\/p>\n<p>Die Zeiten \u00e4ndern sich und alles wird moderner. Da das Internet Ende der 90iger Jahre immer mehr zu einem wichtigen Medium wurde, konnte sich auch die Feuerwehr den Neuerungen nicht entziehen und pr\u00e4sentiert sich seit November 2001 rund um die Uhr allen Neugierigen und Interessenten unter der Adresse: <span style=\"text-decoration: underline;\">www.fflangenholzen.de<\/span> . Stefan Marhauer k\u00fcmmert sich um dieses Informationsportal, in dem zahlreiches Wissenswertes rund um die Feuerwehr und die Aktive Gruppe ver\u00f6ffentlicht wird. Fotos und Berichte erscheinen zu fast allen Veranstaltungen der FF Langenholzen.<\/p>\n<p>Trotz moderner Technik, bew\u00e4hrt sich die \u201eAlte\u201c immer noch, denn 2002 feierte unsere erste motorbetriebene Tragkraftspritze ihr 50j\u00e4hriges Jubil\u00e4um. Die Pumpe, sowie der dazugeh\u00f6rige TSA sind unserer Wehr immer noch erhalten geblieben und werden geh\u00fctet wie ein Schatz. Oftmals wurde auch ein kleiner Gaudi auf dem Dienstabend daraus gemacht, wer denn noch genug \u201eMumm\u201c in den Knochen hat, die \u201ealte Dame\u201c anzuschmei\u00dfen, denn dies brauchte sehr viel Geschick, Kraft und \u00dcbung. Um dieses weiter zu erhalten, hat sich die Wehr im Jahr 2003 dazu entschlossen, bei der \u201eimmer noch\u201c funktionst\u00fcchtigen TS eine General\u00fcberholung &nbsp;durch einen versierten Feuerwehrkameraden aus Evensen durchf\u00fchren zu lassen, damit uns dieses Ger\u00e4t noch lange als Erinnerung&nbsp; im Besitz bleibt.<\/p>\n<p>Wie zu lesen war, hat die Alarmierung der Kameraden und Kameradinnen bisher schon 3 Stationen durchlaufen. Am Anfang liefen noch Hornisten durch den Ort, dann wurden die Luftschutzsirenen parallel von der Feuerwehr benutzt, dann brachte uns der technische Fortschritt im Fr\u00fchjahr 2003 die Funk-Alarmempf\u00e4nger. Sechs Kameraden wurden mit diesen Ger\u00e4ten im Rahmen einer Anschaffung der Stadt ausgestattet und sind nun \u00fcberall erreichbar, falls ein Einsatz kommt. In 2011 wurden dann \u00fcberall im Stadtgebiet moderne digitale Meldeempf\u00e4nger angeschafft, zu Beginn wurden&nbsp; 2 St\u00fcck an die FF Langenholzen \u00fcbergeben. Seit 2015 hat die Ortsfeuerwehr nun f\u00fcr jeden ausgebildeteten und Aktiven Feuerwehrmann (SB) einen digitalen Meldeempf\u00e4nger zur Verf\u00fcgung.<\/p>\n<p>2016 &#8211; war ein gro\u00dfes Jahr der Ver\u00e4nderung in der Stadt Alfeld (Leine). Ein neugeschaffener Atemschutzverbund im gesamten Landkreis Hildesheim wurde eingef\u00fchrt und auch die Stadt und alle Ortswehren wurden mit neuen, modernen Atemschutzger\u00e4ten ausgestattet. Leider haben wir immer noch nur 2 Ger\u00e4te auf dem Fahrzeug, aber mehr ist in dem mittlerweile 35 Jahre alten Fahrzeug nicht m\u00f6glich.<br \/>\nWeiterhin hat der Digitalfunk Einzug in unser TSF erhalten. Der Analogfunk gilt seit Juli 2016 nur noch als Notfallebene. 1 MRT und bisher 3 HRT&#8217;s als Einsatzstellenfunk im DMO-Betrieb wurde an uns ausgeliefert und sind in Betrieb. Insbesondere die HRTs sind eine wahre Bereicherung im Einsatzgeschehen. Bessere Reichweite im DMO-betrieb und zudem gew\u00e4hrt es einem Einsatzleiter Mobilit\u00e4t &#8211; umschaltbar auf TMO, kann er jederzeit Kontakt zur Leitstelle aufnehmen, ohne sich permanent am Fahrzeug aufhalten zu m\u00fcssen.<\/p>\n<h2 style=\"text-align: center;\"><strong>Zahlen, Daten Fakten<\/strong><\/h2>\n<p>Seit der Gr\u00fcndung am 05. Februar 1934 wurde die Wehr von acht Ortsbrandmeister oder Gemeindebrandmeister, wie sie fr\u00fcher hie\u00dfen, gef\u00fchrt:<\/p>\n<p>1934 &#8211; 1945:&nbsp; Brandmeister Fritz Kraus<br \/>\n1945 &#8211; 1952:&nbsp; 7 Jahre \u201eeingesetzt\u201c Oberl\u00f6schmeister Karl Stucke<br \/>\n1952 &#8211; 1955:&nbsp; 3 Jahre \u201egew\u00e4hlt\u201c Oberl\u00f6schmeister Karl Stucke<br \/>\n1955 &#8211; 1958:&nbsp; Hauptfeuerwehrmann August Wulfes jun.<br \/>\n1958 &#8211; 1970:&nbsp; Hauptbrandmeister Karl Herrnkind jun. (Ehrenortsbrandmeister)<br \/>\n1970 &#8211; 1988:&nbsp; Brandmeister Ernst Schubert (Ehrenortsbrandmeister)<br \/>\n1988 &#8211; 2000:&nbsp; Brandmeister Wilhelm Bock<br \/>\n2000 &#8211; 2012:&nbsp; Brandmeister Gerald Dohm<br \/>\n2012 &#8211; 2018:&nbsp; Brandmeister Andreas Rekel<br \/>\n2018 &#8211; 2023:&nbsp; Brandmeister Stefan Hennecke<br \/>\nseit 2024: Anselm Fricke<\/p>\n<p>Diesen M\u00e4nnern gilt unser besonderer Dank! Eine solche Aufgabe wahrzunehmen erfordert viel Zeit. Man muss sich schon mit Leib und Seele der Sache verschrieben haben. Denn eine Gemeinschaft wie die Feuerwehr ist von guten F\u00fchrungspers\u00f6nlichkeiten abh\u00e4ngig und braucht eine starke Hand, in der alle F\u00e4den zusammenlaufen k\u00f6nnen.<\/p>\n<p>Auch die zahlreichen Stellvertreter sollen nicht unerw\u00e4hnt bleiben, denn die Arbeit in der \u201ezweiten Reihe\u201c erfordert genauso viel Engagement. Viele Menschen haben das Gesicht der Langenholzer Wehr mitgepr\u00e4gt. An dieser Stelle wollen wir einmal an all die verstorbenen Kameradinnen und Kameraden erinnern.<\/p>\n<p>Ihrer werden wir stets w\u00fcrdigend gedenken.<\/p>\n<p>Vieles ist \u00fcber die Freiwillige Feuerwehr Langenholzen gesagt und geschrieben worden. Die Geschichte l\u00e4sst sich nicht \u00e4ndern. Man kann die Tatsachen&nbsp; nur neu verpacken und&nbsp; versuchen , sie ins Bewusstsein der Menschen zu rufen.<\/p>\n<p>Wir hoffen, dass uns dieses&nbsp; in unterhaltsamer Weise gelungen ist .<\/p>\n<p>Die ferne Zukunft unserer Feuerwehr liegt noch im Ungewissen, doch wir haben es in der Hand, diese ma\u00dfgeblich mitzugestalten.<\/p>\n<p>Auf&nbsp; jeden Fall werden wir stets dem Gemeinwohl unseres Ortes nach dem Wahlspruch<\/p>\n<h1 align=\"center\"><em>Gott Zur Ehr\u2019<\/em><\/h1>\n<p align=\"center\">Dem N\u00e4chsten Zur Wehr!<\/p>\n<p>&nbsp;dienen und handeln.<\/p>\n<p><em>Eure \/ Ihre Freiwillige Feuerwehr Langenholzen<\/em><\/p>\n<div class=\"sharedaddy sd-sharing-enabled\"><div class=\"robots-nocontent sd-block sd-social sd-social-icon-text sd-sharing\"><h3 class=\"sd-title\">Teilen mit:<\/h3><div class=\"sd-content\"><ul><li class=\"share-facebook\"><a rel=\"nofollow noopener noreferrer\" data-shared=\"sharing-facebook-294\" class=\"share-facebook sd-button share-icon\" href=\"http:\/\/www.feuerwehr-langenholzen.de\/?page_id=294&amp;share=facebook\" target=\"_blank\" title=\"Klick, um auf Facebook zu teilen\" ><span>Facebook<\/span><\/a><\/li><li class=\"share-end\"><\/li><\/ul><\/div><\/div><\/div>","protected":false},"excerpt":{"rendered":"<p>Die Freiwillige Feuerwehr Langenholzen Gestern und heute . . . Eine geschichtliche Betrachtung Es ist 1.00 Uhr nachts. Ganz&nbsp; Langenholzen schl\u00e4ft. Jedermann wiegt sich in Sicherheit. Doch da ert\u00f6nt pl\u00f6tzlich ein lauter Ton. Dreimal hintereinander. Es brennt! Innerhalb k\u00fcrzester Zeit sind die M\u00e4nner der Freiwilligen Feuerwehr im Feuerwehrhaus und wenig sp\u00e4ter am Einsatzort. Heutzutage kein [&hellip;]<\/p>\n<div class=\"sharedaddy sd-sharing-enabled\"><div class=\"robots-nocontent sd-block sd-social sd-social-icon-text sd-sharing\"><h3 class=\"sd-title\">Teilen mit:<\/h3><div class=\"sd-content\"><ul><li class=\"share-facebook\"><a rel=\"nofollow noopener noreferrer\" data-shared=\"sharing-facebook-294\" class=\"share-facebook sd-button share-icon\" href=\"http:\/\/www.feuerwehr-langenholzen.de\/?page_id=294&amp;share=facebook\" target=\"_blank\" title=\"Klick, um auf Facebook zu teilen\" ><span>Facebook<\/span><\/a><\/li><li class=\"share-end\"><\/li><\/ul><\/div><\/div><\/div>","protected":false},"author":1,"featured_media":0,"parent":0,"menu_order":5,"comment_status":"closed","ping_status":"closed","template":"","meta":{"ngg_post_thumbnail":0},"jetpack_sharing_enabled":true,"jetpack_shortlink":"https:\/\/wp.me\/P8kEhs-4K","_links":{"self":[{"href":"http:\/\/www.feuerwehr-langenholzen.de\/index.php?rest_route=\/wp\/v2\/pages\/294"}],"collection":[{"href":"http:\/\/www.feuerwehr-langenholzen.de\/index.php?rest_route=\/wp\/v2\/pages"}],"about":[{"href":"http:\/\/www.feuerwehr-langenholzen.de\/index.php?rest_route=\/wp\/v2\/types\/page"}],"author":[{"embeddable":true,"href":"http:\/\/www.feuerwehr-langenholzen.de\/index.php?rest_route=\/wp\/v2\/users\/1"}],"replies":[{"embeddable":true,"href":"http:\/\/www.feuerwehr-langenholzen.de\/index.php?rest_route=%2Fwp%2Fv2%2Fcomments&post=294"}],"version-history":[{"count":11,"href":"http:\/\/www.feuerwehr-langenholzen.de\/index.php?rest_route=\/wp\/v2\/pages\/294\/revisions"}],"predecessor-version":[{"id":1153,"href":"http:\/\/www.feuerwehr-langenholzen.de\/index.php?rest_route=\/wp\/v2\/pages\/294\/revisions\/1153"}],"wp:attachment":[{"href":"http:\/\/www.feuerwehr-langenholzen.de\/index.php?rest_route=%2Fwp%2Fv2%2Fmedia&parent=294"}],"curies":[{"name":"wp","href":"https:\/\/api.w.org\/{rel}","templated":true}]}}