{"id":273,"date":"2012-06-21T17:37:53","date_gmt":"2012-06-21T17:37:53","guid":{"rendered":"http:\/\/www.fflangenholzen.de\/de\/?page_id=273"},"modified":"2017-11-26T18:17:38","modified_gmt":"2017-11-26T17:17:38","slug":"altersabteilung","status":"publish","type":"page","link":"http:\/\/www.feuerwehr-langenholzen.de\/?page_id=273","title":{"rendered":"Altersabteilung"},"content":{"rendered":"<p>Die Altersabteilung besteht aus Kameraden, die das Dienstalter von 62 Jahren erreicht haben und nicht mehr aktiv am Dienstbetrieb teilnehmen k\u00f6nnen.<\/p>\n<p>Auch in Langenholzen wird nach der Dienstzeit die Kameradschaft aufrecht erhalten, sodass sich die ehemals aktiven Kameraden regelm\u00e4\u00dfig treffen. H\u00e4ufig wird bei den Treffen \u00fcber alte Zeiten gesprochen, aber nat\u00fcrlich auch \u00fcber aktuelle Themen und dabei wird auch gerne mal &#8222;ne Mettwurst quer geschnitten&#8220;.<\/p>\n<p>Aktuell trifft sich die Altersabteilung unter der F\u00fchrung von Dieter Braukm\u00fcller jeden <strong>ersten Donnerstag im Monat ab 18 Uhr<\/strong> im Feuerwehrhaus. G\u00e4ste und Zuwachs sind immer gerne gesehen.<\/p>\n<p>Hier ein Bild der Alterabteilung aus dem Jahre 2008.<\/p>\n<p><a href=\"https:\/\/i0.wp.com\/www.fflangenholzen.de\/de\/wp-content\/uploads\/altersabteilung_2008.jpg\"><img decoding=\"async\" loading=\"lazy\" class=\"alignnone size-full wp-image-316\" title=\"altersabteilung_2008\" src=\"https:\/\/i0.wp.com\/www.fflangenholzen.de\/de\/wp-content\/uploads\/altersabteilung_2008.jpg?resize=515%2C333\" alt=\"\" width=\"515\" height=\"333\" srcset=\"https:\/\/i0.wp.com\/www.feuerwehr-langenholzen.de\/wp-content\/uploads\/altersabteilung_2008.jpg?w=515 515w, https:\/\/i0.wp.com\/www.feuerwehr-langenholzen.de\/wp-content\/uploads\/altersabteilung_2008.jpg?resize=300%2C193 300w\" sizes=\"(max-width: 515px) 100vw, 515px\" data-recalc-dims=\"1\" \/><\/a><\/p>\n<div class=\"sharedaddy sd-sharing-enabled\"><div class=\"robots-nocontent sd-block sd-social sd-social-icon-text sd-sharing\"><h3 class=\"sd-title\">Teilen mit:<\/h3><div class=\"sd-content\"><ul><li class=\"share-facebook\"><a rel=\"nofollow noopener noreferrer\" data-shared=\"sharing-facebook-273\" class=\"share-facebook sd-button share-icon\" href=\"http:\/\/www.feuerwehr-langenholzen.de\/?page_id=273&amp;share=facebook\" target=\"_blank\" title=\"Klick, um auf Facebook zu teilen\" ><span>Facebook<\/span><\/a><\/li><li class=\"share-end\"><\/li><\/ul><\/div><\/div><\/div>","protected":false},"excerpt":{"rendered":"<p>Die Altersabteilung besteht aus Kameraden, die das Dienstalter von 62 Jahren erreicht haben und nicht mehr aktiv am Dienstbetrieb teilnehmen k\u00f6nnen. Auch in Langenholzen wird nach der Dienstzeit die Kameradschaft aufrecht erhalten, sodass sich die ehemals aktiven Kameraden regelm\u00e4\u00dfig treffen. H\u00e4ufig wird bei den Treffen \u00fcber alte Zeiten gesprochen, aber nat\u00fcrlich auch \u00fcber aktuelle Themen [&hellip;]<\/p>\n<div class=\"sharedaddy sd-sharing-enabled\"><div class=\"robots-nocontent sd-block sd-social sd-social-icon-text sd-sharing\"><h3 class=\"sd-title\">Teilen mit:<\/h3><div class=\"sd-content\"><ul><li class=\"share-facebook\"><a rel=\"nofollow noopener noreferrer\" data-shared=\"sharing-facebook-273\" class=\"share-facebook sd-button share-icon\" href=\"http:\/\/www.feuerwehr-langenholzen.de\/?page_id=273&amp;share=facebook\" target=\"_blank\" title=\"Klick, um auf Facebook zu teilen\" ><span>Facebook<\/span><\/a><\/li><li class=\"share-end\"><\/li><\/ul><\/div><\/div><\/div>","protected":false},"author":1,"featured_media":0,"parent":0,"menu_order":3,"comment_status":"closed","ping_status":"closed","template":"","meta":{"ngg_post_thumbnail":0},"jetpack_sharing_enabled":true,"jetpack_shortlink":"https:\/\/wp.me\/P8kEhs-4p","_links":{"self":[{"href":"http:\/\/www.feuerwehr-langenholzen.de\/index.php?rest_route=\/wp\/v2\/pages\/273"}],"collection":[{"href":"http:\/\/www.feuerwehr-langenholzen.de\/index.php?rest_route=\/wp\/v2\/pages"}],"about":[{"href":"http:\/\/www.feuerwehr-langenholzen.de\/index.php?rest_route=\/wp\/v2\/types\/page"}],"author":[{"embeddable":true,"href":"http:\/\/www.feuerwehr-langenholzen.de\/index.php?rest_route=\/wp\/v2\/users\/1"}],"replies":[{"embeddable":true,"href":"http:\/\/www.feuerwehr-langenholzen.de\/index.php?rest_route=%2Fwp%2Fv2%2Fcomments&post=273"}],"version-history":[{"count":10,"href":"http:\/\/www.feuerwehr-langenholzen.de\/index.php?rest_route=\/wp\/v2\/pages\/273\/revisions"}],"predecessor-version":[{"id":1005,"href":"http:\/\/www.feuerwehr-langenholzen.de\/index.php?rest_route=\/wp\/v2\/pages\/273\/revisions\/1005"}],"wp:attachment":[{"href":"http:\/\/www.feuerwehr-langenholzen.de\/index.php?rest_route=%2Fwp%2Fv2%2Fmedia&parent=273"}],"curies":[{"name":"wp","href":"https:\/\/api.w.org\/{rel}","templated":true}]}}